{"id":21,"date":"2021-12-25T20:26:16","date_gmt":"2021-12-25T19:26:16","guid":{"rendered":"http:\/\/depanncrous-lorraine.fr\/?page_id=21"},"modified":"2021-12-25T20:26:39","modified_gmt":"2021-12-25T19:26:39","slug":"nancy","status":"publish","type":"page","link":"https:\/\/depanncrous-lorraine.fr\/index.php\/nancy\/","title":{"rendered":"Nancy"},"content":{"rendered":"<script type=\"text\/javascript\">var gform;gform||(document.addEventListener(\"gform_main_scripts_loaded\",function(){gform.scriptsLoaded=!0}),window.addEventListener(\"DOMContentLoaded\",function(){gform.domLoaded=!0}),gform={domLoaded:!1,scriptsLoaded:!1,initializeOnLoaded:function(o){gform.domLoaded&&gform.scriptsLoaded?o():!gform.domLoaded&&gform.scriptsLoaded?window.addEventListener(\"DOMContentLoaded\",o):document.addEventListener(\"gform_main_scripts_loaded\",o)},hooks:{action:{},filter:{}},addAction:function(o,n,r,t){gform.addHook(\"action\",o,n,r,t)},addFilter:function(o,n,r,t){gform.addHook(\"filter\",o,n,r,t)},doAction:function(o){gform.doHook(\"action\",o,arguments)},applyFilters:function(o){return gform.doHook(\"filter\",o,arguments)},removeAction:function(o,n){gform.removeHook(\"action\",o,n)},removeFilter:function(o,n,r){gform.removeHook(\"filter\",o,n,r)},addHook:function(o,n,r,t,i){null==gform.hooks[o][n]&&(gform.hooks[o][n]=[]);var e=gform.hooks[o][n];null==i&&(i=n+\"_\"+e.length),gform.hooks[o][n].push({tag:i,callable:r,priority:t=null==t?10:t})},doHook:function(n,o,r){var t;if(r=Array.prototype.slice.call(r,1),null!=gform.hooks[n][o]&&((o=gform.hooks[n][o]).sort(function(o,n){return o.priority-n.priority}),o.forEach(function(o){\"function\"!=typeof(t=o.callable)&&(t=window[t]),\"action\"==n?t.apply(null,r):r[0]=t.apply(null,r)})),\"filter\"==n)return r[0]},removeHook:function(o,n,t,i){var r;null!=gform.hooks[o][n]&&(r=(r=gform.hooks[o][n]).filter(function(o,n,r){return!!(null!=i&&i!=o.tag||null!=t&&t!=o.priority)}),gform.hooks[o][n]=r)}});<\/script>\n                <div class='gf_browser_gecko gform_wrapper gform_legacy_markup_wrapper gform-theme--no-framework' data-form-theme='legacy' data-form-index='0' id='gform_wrapper_2' style='display:none'>\n                        <div class='gform_heading'>\n                            <h3 class=\"gform_title\">C2S_Nancy<\/h3>\n                            <p class='gform_description'><\/p>\n                        <\/div><form method='post' enctype='multipart\/form-data'  id='gform_2'  action='\/index.php\/wp-json\/wp\/v2\/pages\/21' data-formid='2' novalidate>\n                        <div class='gform-body gform_body'><ul id='gform_fields_2' class='gform_fields top_label form_sublabel_below description_below validation_below'><li id=\"field_2_17\" class=\"gfield gfield--type-section gsection field_sublabel_below gfield--no-description field_description_below field_validation_below gfield_visibility_visible\"  data-js-reload=\"field_2_17\" ><h2 class=\"gsection_title\">Votre Cit\u00e9&#039;U<\/h2><\/li><li id=\"field_2_23\" class=\"gfield gfield--type-html gfield_html gfield_html_formatted gfield_no_follows_desc field_sublabel_below gfield--no-description field_description_below field_validation_below gfield_visibility_visible\"  data-js-reload=\"field_2_23\" ><H3><b>En dehors des heures ouvr\u00e9es <br><\/b><i>\nN\u00b0 d'appel soci\u00e9t\u00e9 de t\u00e9l\u00e9surveillance SCUTUM (la nuit et le week-end) <b>01-30-38-67-37<\/B><\/i><\/H3><BR><br>\n<H3><b>Merci de nettoyer et a\u00e9rer vos chambres avant l'intervention<\/b>En cas d'urgence merci de pr\u00e9venir l'accueil<\/i><\/H3><BR><br><\/li><li id=\"field_2_20\" class=\"gfield gfield--type-select gfield_contains_required field_sublabel_below gfield--no-description field_description_below field_validation_below gfield_visibility_visible\"  data-js-reload=\"field_2_20\" ><label class='gfield_label gform-field-label' for='input_2_20'>Cit\u00e9&#039;U<span class=\"gfield_required\"><span class=\"gfield_required gfield_required_asterisk\">*<\/span><\/span><\/label><div class='ginput_container ginput_container_select'><select name='input_20' id='input_2_20' class='medium gfield_select'    aria-required=\"true\" aria-invalid=\"false\" ><option value='' selected='selected'><\/option><option value='Monbois Lib\u00e9ration' >Monbois Lib\u00e9ration<\/option><option value='Monbois' >Monbois<\/option><option value='Boudonville' >Boudonville<\/option><option value='Bateliere' >Bateliere<\/option><option value='Notre dame de lourde' >Notre dame de lourde<\/option><option value='Montplaisir\/V\u00e9lodrome' >Montplaisir\/V\u00e9lodrome<\/option><option value='Placieux' >Placieux<\/option><option value='Charmois' >Charmois<\/option><option value='Provencal' >Provencal<\/option><option value='Medreville' >Medreville<\/option><option value='Saurupt' >Saurupt<\/option><option value='Haute Malgrange' >Haute Malgrange<\/option><\/select><\/div><\/li><li id=\"field_2_18\" class=\"gfield gfield--type-section gsection field_sublabel_below gfield--has-description field_description_below field_validation_below gfield_visibility_visible\"  data-js-reload=\"field_2_18\" ><h2 class=\"gsection_title\">Identit\u00e9<\/h2><div class='gsection_description' id='gfield_description_2_18'>Pour le suivi des interventions<\/div><\/li><li id=\"field_2_5\" class=\"gfield gfield--type-text gf_left_half gfield_contains_required field_sublabel_below gfield--no-description field_description_below field_validation_below gfield_visibility_visible\"  data-js-reload=\"field_2_5\" ><label class='gfield_label gform-field-label' for='input_2_5'>Nom<span class=\"gfield_required\"><span class=\"gfield_required gfield_required_asterisk\">*<\/span><\/span><\/label><div class='ginput_container ginput_container_text'><input name='input_5' id='input_2_5' type='text' value='' class='medium'     aria-required=\"true\" aria-invalid=\"false\"   \/> <\/div><\/li><li id=\"field_2_6\" class=\"gfield gfield--type-text gf_right_half gfield_contains_required field_sublabel_below gfield--no-description field_description_below field_validation_below gfield_visibility_visible\"  data-js-reload=\"field_2_6\" ><label class='gfield_label gform-field-label' for='input_2_6'>Pr\u00e9nom<span class=\"gfield_required\"><span class=\"gfield_required gfield_required_asterisk\">*<\/span><\/span><\/label><div class='ginput_container ginput_container_text'><input name='input_6' id='input_2_6' type='text' value='' class='medium'     aria-required=\"true\" aria-invalid=\"false\"   \/> <\/div><\/li><li id=\"field_2_14\" class=\"gfield gfield--type-email gfield_contains_required field_sublabel_below gfield--no-description field_description_below field_validation_below gfield_visibility_visible\"  data-js-reload=\"field_2_14\" ><label class='gfield_label gform-field-label gfield_label_before_complex' >Email<span class=\"gfield_required\"><span class=\"gfield_required gfield_required_asterisk\">*<\/span><\/span><\/label><div class='ginput_complex ginput_container ginput_container_email gform-grid-row' id='input_2_14_container'>\n                                <span id='input_2_14_1_container' class='ginput_left gform-grid-col gform-grid-col--size-auto'>\n                                    <input class='' type='email' name='input_14' id='input_2_14' value=''    aria-required=\"true\" aria-invalid=\"false\"  \/>\n                                    <label for='input_2_14' class='gform-field-label gform-field-label--type-sub '>Saisissez un e-mail<\/label>\n                                <\/span>\n                                <span id='input_2_14_2_container' class='ginput_right gform-grid-col gform-grid-col--size-auto'>\n                                    <input class='' type='email' name='input_14_2' id='input_2_14_2' value=''    aria-required=\"true\" aria-invalid=\"false\"  \/>\n                                    <label for='input_2_14_2' class='gform-field-label gform-field-label--type-sub '>Confirmez l\u2019e-mail<\/label>\n                                <\/span>\n                                <div class='gf_clear gf_clear_complex'><\/div>\n                            <\/div><\/li><li id=\"field_2_9\" class=\"gfield gfield--type-section gsection field_sublabel_below gfield--no-description field_description_below field_validation_below gfield_visibility_visible\"  data-js-reload=\"field_2_9\" ><h2 class=\"gsection_title\">Logement<\/h2><\/li><li id=\"field_2_4\" class=\"gfield gfield--type-text gf_left_half gfield_contains_required field_sublabel_below gfield--no-description field_description_below field_validation_below gfield_visibility_visible\"  data-js-reload=\"field_2_4\" ><label class='gfield_label gform-field-label' for='input_2_4'>Pavillon \/ Batiment<span class=\"gfield_required\"><span class=\"gfield_required gfield_required_asterisk\">*<\/span><\/span><\/label><div class='ginput_container ginput_container_text'><input name='input_4' id='input_2_4' type='text' value='' class='medium'     aria-required=\"true\" aria-invalid=\"false\"   \/> <\/div><\/li><li id=\"field_2_3\" class=\"gfield gfield--type-text gf_right_half gfield_contains_required field_sublabel_below gfield--no-description field_description_below field_validation_below gfield_visibility_visible\"  data-js-reload=\"field_2_3\" ><label class='gfield_label gform-field-label' for='input_2_3'>Num\u00e9ro du logement<span class=\"gfield_required\"><span class=\"gfield_required gfield_required_asterisk\">*<\/span><\/span><\/label><div class='ginput_container ginput_container_text'><input name='input_3' id='input_2_3' type='text' value='' class='medium'     aria-required=\"true\" aria-invalid=\"false\"   \/> <\/div><\/li><li id=\"field_2_21\" class=\"gfield gfield--type-radio gfield--type-choice gfield_contains_required field_sublabel_below gfield--no-description field_description_below field_validation_below gfield_visibility_visible\"  data-js-reload=\"field_2_21\" ><label class='gfield_label gform-field-label' >J&#039;autorise l&#039;intervention sans ma pr\u00e9sence<span class=\"gfield_required\"><span class=\"gfield_required gfield_required_asterisk\">*<\/span><\/span><\/label><div class='ginput_container ginput_container_radio'><ul class='gfield_radio' id='input_2_21'>\n\t\t\t<li class='gchoice gchoice_2_21_0'>\n\t\t\t\t<input name='input_21' type='radio' value='Oui' checked='checked' id='choice_2_21_0'    \/>\n\t\t\t\t<label for='choice_2_21_0' id='label_2_21_0' class='gform-field-label gform-field-label--type-inline'>Oui<\/label>\n\t\t\t<\/li>\n\t\t\t<li class='gchoice gchoice_2_21_1'>\n\t\t\t\t<input name='input_21' type='radio' value='Non'  id='choice_2_21_1'    \/>\n\t\t\t\t<label for='choice_2_21_1' id='label_2_21_1' class='gform-field-label gform-field-label--type-inline'>Non<\/label>\n\t\t\t<\/li><\/ul><\/div><\/li><li id=\"field_2_22\" class=\"gfield gfield--type-html gfield_html gfield_html_formatted gfield_no_follows_desc field_sublabel_below gfield--no-description field_description_below field_validation_below gfield_visibility_visible\"  data-js-reload=\"field_2_22\" ><P><b><FONT COLOR=\"red\" >Les agents de maintenance vont vous proposer des dates afin de fixer un rendez-vous<\/font><\/b><\/p><\/li><li id=\"field_2_8\" class=\"gfield gfield--type-section gsection field_sublabel_below gfield--has-description field_description_below field_validation_below gfield_visibility_visible\"  data-js-reload=\"field_2_8\" ><h2 class=\"gsection_title\">Domaine d&#039;intervention<\/h2><div class='gsection_description' id='gfield_description_2_8'>Plusieurs choix possible<\/div><\/li><li id=\"field_2_7\" class=\"gfield gfield--type-checkbox gfield--type-choice gfield_contains_required field_sublabel_below gfield--no-description field_description_below field_validation_below gfield_visibility_visible\"  data-js-reload=\"field_2_7\" ><label class='gfield_label gform-field-label screen-reader-text gfield_label_before_complex' ><span class=\"gfield_required\"><span class=\"gfield_required gfield_required_asterisk\">*<\/span><\/span><\/label><div class='ginput_container ginput_container_checkbox'><ul class='gfield_checkbox' id='input_2_7'><li class='gchoice gchoice_2_7_1'>\n\t\t\t\t\t\t\t\t<input class='gfield-choice-input' name='input_7.1' type='checkbox'  value='Sanitaire'  id='choice_2_7_1'   \/>\n\t\t\t\t\t\t\t\t<label for='choice_2_7_1' id='label_2_7_1' class='gform-field-label gform-field-label--type-inline'>Sanitaire<\/label>\n\t\t\t\t\t\t\t<\/li><li class='gchoice gchoice_2_7_2'>\n\t\t\t\t\t\t\t\t<input class='gfield-choice-input' name='input_7.2' type='checkbox'  value='Portes et fen\u00eatres'  id='choice_2_7_2'   \/>\n\t\t\t\t\t\t\t\t<label for='choice_2_7_2' id='label_2_7_2' class='gform-field-label gform-field-label--type-inline'>Portes et fen\u00eatres<\/label>\n\t\t\t\t\t\t\t<\/li><li class='gchoice gchoice_2_7_3'>\n\t\t\t\t\t\t\t\t<input class='gfield-choice-input' name='input_7.3' type='checkbox'  value='Electricit\u00e9'  id='choice_2_7_3'   \/>\n\t\t\t\t\t\t\t\t<label for='choice_2_7_3' id='label_2_7_3' class='gform-field-label gform-field-label--type-inline'>Electricit\u00e9<\/label>\n\t\t\t\t\t\t\t<\/li><li class='gchoice gchoice_2_7_4'>\n\t\t\t\t\t\t\t\t<input class='gfield-choice-input' name='input_7.4' type='checkbox'  value='chauffage'  id='choice_2_7_4'   \/>\n\t\t\t\t\t\t\t\t<label for='choice_2_7_4' id='label_2_7_4' class='gform-field-label gform-field-label--type-inline'>chauffage<\/label>\n\t\t\t\t\t\t\t<\/li><li class='gchoice gchoice_2_7_5'>\n\t\t\t\t\t\t\t\t<input class='gfield-choice-input' name='input_7.5' type='checkbox'  value='Autre'  id='choice_2_7_5'   \/>\n\t\t\t\t\t\t\t\t<label for='choice_2_7_5' id='label_2_7_5' class='gform-field-label gform-field-label--type-inline'>Autre<\/label>\n\t\t\t\t\t\t\t<\/li><\/ul><\/div><\/li><li id=\"field_2_10\" class=\"gfield gfield--type-section gsection field_sublabel_below gfield--no-description field_description_below field_validation_below gfield_visibility_visible\"  data-js-reload=\"field_2_10\" ><h2 class=\"gsection_title\">Observations<\/h2><\/li><li id=\"field_2_13\" class=\"gfield gfield--type-text gfield_contains_required field_sublabel_below gfield--no-description field_description_below field_validation_below gfield_visibility_visible\"  data-js-reload=\"field_2_13\" ><label class='gfield_label gform-field-label' for='input_2_13'>Objet<span class=\"gfield_required\"><span class=\"gfield_required gfield_required_asterisk\">*<\/span><\/span><\/label><div class='ginput_container ginput_container_text'><input name='input_13' id='input_2_13' type='text' value='' class='medium'     aria-required=\"true\" aria-invalid=\"false\"   \/> <\/div><\/li><li id=\"field_2_15\" class=\"gfield gfield--type-textarea gfield_contains_required field_sublabel_below gfield--no-description field_description_below field_validation_below gfield_visibility_visible\"  data-js-reload=\"field_2_15\" ><label class='gfield_label gform-field-label' for='input_2_15'>Description<span class=\"gfield_required\"><span class=\"gfield_required gfield_required_asterisk\">*<\/span><\/span><\/label><div class='ginput_container ginput_container_textarea'><textarea name='input_15' id='input_2_15' class='textarea medium'   maxlength='200'  aria-required=\"true\" aria-invalid=\"false\"   rows='10' cols='50'><\/textarea><\/div><\/li><\/ul><\/div>\n        <div class='gform_footer top_label'> <input type='submit' id='gform_submit_button_2' class='gform_button button' value='Envoyer'  onclick='if(window[\"gf_submitting_2\"]){return false;}  if( !jQuery(\"#gform_2\")[0].checkValidity || jQuery(\"#gform_2\")[0].checkValidity()){window[\"gf_submitting_2\"]=true;}  ' onkeypress='if( event.keyCode == 13 ){ if(window[\"gf_submitting_2\"]){return false;} if( !jQuery(\"#gform_2\")[0].checkValidity || jQuery(\"#gform_2\")[0].checkValidity()){window[\"gf_submitting_2\"]=true;}  jQuery(\"#gform_2\").trigger(\"submit\",[true]); }' \/> \n            <input type='hidden' class='gform_hidden' name='is_submit_2' value='1' \/>\n            <input type='hidden' class='gform_hidden' name='gform_submit' value='2' \/>\n            \n            <input type='hidden' class='gform_hidden' name='gform_unique_id' value='' \/>\n            <input type='hidden' class='gform_hidden' name='state_2' value='WyJbXSIsIjU5ODJkMDIyYzU0MjBjNjkzNWNlOWM3NjgwMDE5OTJkIl0=' \/>\n            <input type='hidden' class='gform_hidden' name='gform_target_page_number_2' id='gform_target_page_number_2' value='0' \/>\n            <input type='hidden' class='gform_hidden' name='gform_source_page_number_2' id='gform_source_page_number_2' value='1' \/>\n            <input type='hidden' name='gform_field_values' value='' \/>\n            \n        <\/div>\n                        <\/form>\n                        <\/div><script type=\"text\/javascript\">\n\/* <![CDATA[ *\/\n gform.initializeOnLoaded( function() {gformInitSpinner( 2, 'https:\/\/depanncrous-lorraine.fr\/wp-content\/plugins\/gravityforms\/images\/spinner.svg', true );jQuery('#gform_ajax_frame_2').on('load',function(){var contents = jQuery(this).contents().find('*').html();var is_postback = contents.indexOf('GF_AJAX_POSTBACK') >= 0;if(!is_postback){return;}var form_content = jQuery(this).contents().find('#gform_wrapper_2');var is_confirmation = jQuery(this).contents().find('#gform_confirmation_wrapper_2').length > 0;var is_redirect = contents.indexOf('gformRedirect(){') >= 0;var is_form = form_content.length > 0 && ! is_redirect && ! is_confirmation;var mt = parseInt(jQuery('html').css('margin-top'), 10) + parseInt(jQuery('body').css('margin-top'), 10) + 100;if(is_form){form_content.find('form').css('opacity', 0);jQuery('#gform_wrapper_2').html(form_content.html());if(form_content.hasClass('gform_validation_error')){jQuery('#gform_wrapper_2').addClass('gform_validation_error');} else {jQuery('#gform_wrapper_2').removeClass('gform_validation_error');}setTimeout( function() { \/* delay the scroll by 50 milliseconds to fix a bug in chrome *\/  }, 50 );if(window['gformInitDatepicker']) {gformInitDatepicker();}if(window['gformInitPriceFields']) {gformInitPriceFields();}var current_page = jQuery('#gform_source_page_number_2').val();gformInitSpinner( 2, 'https:\/\/depanncrous-lorraine.fr\/wp-content\/plugins\/gravityforms\/images\/spinner.svg', true );jQuery(document).trigger('gform_page_loaded', [2, current_page]);window['gf_submitting_2'] = false;}else if(!is_redirect){var confirmation_content = jQuery(this).contents().find('.GF_AJAX_POSTBACK').html();if(!confirmation_content){confirmation_content = contents;}jQuery('#gform_wrapper_2').replaceWith(confirmation_content);jQuery(document).trigger('gform_confirmation_loaded', [2]);window['gf_submitting_2'] = false;wp.a11y.speak(jQuery('#gform_confirmation_message_2').text());}else{jQuery('#gform_2').append(contents);if(window['gformRedirect']) {gformRedirect();}}jQuery(document).trigger(\"gform_pre_post_render\", [{ formId: \"2\", currentPage: \"current_page\", abort: function() { this.preventDefault(); } }]);                if (event && event.defaultPrevented) {                return;         }        const gformWrapperDiv = document.getElementById( \"gform_wrapper_2\" );        if ( gformWrapperDiv ) {            const visibilitySpan = document.createElement( \"span\" );            visibilitySpan.id = \"gform_visibility_test_2\";            gformWrapperDiv.insertAdjacentElement( \"afterend\", visibilitySpan );        }        const visibilityTestDiv = document.getElementById( \"gform_visibility_test_2\" );        let postRenderFired = false;                function triggerPostRender() {            if ( postRenderFired ) {                return;            }            postRenderFired = true;            jQuery( document ).trigger( 'gform_post_render', [2, current_page] );            gform.utils.trigger( { event: 'gform\/postRender', native: false, data: { formId: 2, currentPage: current_page } } );            if ( visibilityTestDiv ) {                visibilityTestDiv.parentNode.removeChild( visibilityTestDiv );            }        }        function debounce( func, wait, immediate ) {            var timeout;            return function() {                var context = this, args = arguments;                var later = function() {                    timeout = null;                    if ( !immediate ) func.apply( context, args );                };                var callNow = immediate && !timeout;                clearTimeout( timeout );                timeout = setTimeout( later, wait );                if ( callNow ) func.apply( context, args );            };        }        const debouncedTriggerPostRender = debounce( function() {            triggerPostRender();        }, 200 );        if ( visibilityTestDiv && visibilityTestDiv.offsetParent === null ) {            const observer = new MutationObserver( ( mutations ) => {                mutations.forEach( ( mutation ) => {                    if ( mutation.type === 'attributes' && visibilityTestDiv.offsetParent !== null ) {                        debouncedTriggerPostRender();                        observer.disconnect();                    }                });            });            observer.observe( document.body, {                attributes: true,                childList: false,                subtree: true,                attributeFilter: [ 'style', 'class' ],            });        } else {            triggerPostRender();        }    } );} ); \n\/* ]]> *\/\n<\/script>\n\n","protected":false},"excerpt":{"rendered":"","protected":false},"author":1,"featured_media":0,"parent":0,"menu_order":0,"comment_status":"closed","ping_status":"closed","template":"","meta":{"footnotes":""},"class_list":["post-21","page","type-page","status-publish","hentry"],"_links":{"self":[{"href":"https:\/\/depanncrous-lorraine.fr\/index.php\/wp-json\/wp\/v2\/pages\/21","targetHints":{"allow":["GET"]}}],"collection":[{"href":"https:\/\/depanncrous-lorraine.fr\/index.php\/wp-json\/wp\/v2\/pages"}],"about":[{"href":"https:\/\/depanncrous-lorraine.fr\/index.php\/wp-json\/wp\/v2\/types\/page"}],"author":[{"embeddable":true,"href":"https:\/\/depanncrous-lorraine.fr\/index.php\/wp-json\/wp\/v2\/users\/1"}],"replies":[{"embeddable":true,"href":"https:\/\/depanncrous-lorraine.fr\/index.php\/wp-json\/wp\/v2\/comments?post=21"}],"version-history":[{"count":2,"href":"https:\/\/depanncrous-lorraine.fr\/index.php\/wp-json\/wp\/v2\/pages\/21\/revisions"}],"predecessor-version":[{"id":23,"href":"https:\/\/depanncrous-lorraine.fr\/index.php\/wp-json\/wp\/v2\/pages\/21\/revisions\/23"}],"wp:attachment":[{"href":"https:\/\/depanncrous-lorraine.fr\/index.php\/wp-json\/wp\/v2\/media?parent=21"}],"curies":[{"name":"wp","href":"https:\/\/api.w.org\/{rel}","templated":true}]}}