{"id":2,"date":"2021-12-25T00:27:42","date_gmt":"2021-12-24T23:27:42","guid":{"rendered":"http:\/\/depanncrous-lorraine.fr\/?page_id=2"},"modified":"2021-12-25T20:11:11","modified_gmt":"2021-12-25T19:11:11","slug":"page-d-exemple","status":"publish","type":"page","link":"https:\/\/depanncrous-lorraine.fr\/","title":{"rendered":"Mentions l\u00e9gales"},"content":{"rendered":"\n<p><em>Les formulaires d\u00e9panna\u2019crous sont disponible dans le menu en haut \u00e0 droite pour Nancy et Metz<\/em><\/p>\n\n\n\n<p><strong>Conditions g\u00e9n\u00e9rales d\u2019utilisation<\/strong><\/p>\n\n\n\n<p>Article 1 \u2013 Objet<\/p>\n\n\n\n<p>Les pr\u00e9sentes conditions g\u00e9n\u00e9rales sont destin\u00e9es \u00e0 r\u00e9gir l\u2019utilisation du site web du Crous Lorraine (ci-apr\u00e8s \u00ab le site \u00bb) par tout internaute.<br>La consultation du Site implique que l\u2019internaute a pr\u00e9alablement pris connaissance des pr\u00e9sentes conditions g\u00e9n\u00e9rales, qu\u2019il les a accept\u00e9es et s\u2019engage \u00e0 s\u2019y conformer.<\/p>\n\n\n\n<p>Article 2 \u2013 Utilisation loyale<\/p>\n\n\n\n<p>L\u2019internaute s\u2019interdit tout acte de nature \u00e0 alt\u00e9rer ou perturber, de quelque mani\u00e8re que ce soit, le fonctionnement normal du site.<br>De m\u00eame, il s\u2019interdit toute utilisation d\u00e9tourn\u00e9e des informations nominatives pr\u00e9sentes sur le Site.<\/p>\n\n\n\n<p>Article 3 \u2013 Propri\u00e9t\u00e9 intellectuelle<\/p>\n\n\n\n<p>L\u2019internaute s\u2019engage \u00e0 respecter le droit de propri\u00e9t\u00e9 intellectuelle inh\u00e9rent au site ainsi qu\u2019\u00e0 son contenu, quelle qu\u2019en soit la nature.<br>En particulier, l\u2019internaute s\u2019interdit toute reproduction ou toute repr\u00e9sentation du site, par quelque moyen et sous quelque forme que ce soit, sans l\u2019autorisation expresse et pr\u00e9alable du Crous Lorraine .<\/p>\n\n\n\n<p>Article 4 \u2013 Publications<\/p>\n\n\n\n<p>Toutes les productions intellectuelles publi\u00e9es sur le site le sont \u00e0 titre d\u2019information et ne sauraient dispenser l\u2019internaute de solliciter les conseils appropri\u00e9s et adapt\u00e9s \u00e0 ses besoins.<br>L\u2019utilisation de ces productions intellectuelles est donc faite sous la seule responsabilit\u00e9 de l\u2019internaute et ne saurait aucunement engager le Crous Lorraine .<\/p>\n\n\n\n<p>Article 5 \u2013 Loi \u00ab&nbsp;Informatique et Libert\u00e9s&nbsp;\u00bb<\/p>\n\n\n\n<p>Les donn\u00e9es nominatives communiqu\u00e9es par l\u2019internaute, notamment \u00e0 travers du compte de l\u2019abonn\u00e9 ou les formulaires, sont r\u00e9serv\u00e9es \u00e0 l\u2019usage exclusif du Crous Lorraine .<br>Les donn\u00e9es personnelles renseign\u00e9es par l\u2019internaute, n\u2019auront comme unique but de lui proposer un d\u00e9pannage que l\u2019internaute aura souhait\u00e9 au travers de ce formulaire (Aucune publicit\u00e9 en dehors des \u00e9changes n\u00e9cessaires pour ce d\u00e9pannage).<br>L\u2019internaute b\u00e9n\u00e9ficie d\u2019un droit d\u2019acc\u00e8s, de modification et de suppression des donn\u00e9es nominatives le connectant \u00e0 son compte. Il peut exprimer une autre demande en \u00e9crivant \u00e0 Crous-Lorraine \u2013 E-mail : dpo@crous-lorraine.fr<\/p>\n\n\n\n<p>Le Crous se r\u00e9serve n\u00e9anmoins le droit de supprimer certains enregistrements de la base constitu\u00e9e par les donn\u00e9es ainsi communiqu\u00e9es, et d\u2019en limiter le nombre.<\/p>\n\n\n\n<p>Article 6 \u2013 Donn\u00e9es statistiques<\/p>\n\n\n\n<p>Lors de l\u2019utilisation du site, des cookies g\u00e9n\u00e9r\u00e9s par les serveurs informatiques du Crous Lorraine peuvent s\u2019installer automatiquement sur l\u2019ordinateur de l\u2019internaute. Ces cookies ne permettent pas d\u2019identifier l\u2019internaute, mais servent seulement \u00e0 mesurer le nombre de pages vues, le nombre de visites ainsi que l\u2019activit\u00e9 de l\u2019internaute sur le Site.<br>L\u2019internaute peut refuser ces cookies ou les supprimer sans que cela n\u2019affecte de quelque mani\u00e8re que ce soit sa navigation sur le site.<\/p>\n\n\n\n<p>Aucune donn\u00e9es ne sera utilis\u00e9es pour autres choses que le d\u00e9pannage demand\u00e9.<\/p>\n\n\n\n<p>La conservation des donn\u00e9es sera de 1 an maximum<\/p>\n\n\n\n<p>Article 7 \u2013 Liens vers d\u2019autres sites<\/p>\n\n\n\n<p>L\u2019internaute s\u2019interdit de mettre en place un lien entre le site et un autre site internet sans l\u2019accord expr\u00e8s et pr\u00e9alable du Crous Lorraine .<br>En aucun cas, le Crous Lorraine ne pourrait \u00eatre responsable des cons\u00e9quences des acc\u00e8s effectu\u00e9s \u00e0 travers un lien pointant vers un autre site, si ce lien a \u00e9t\u00e9 mis en place sans son accord.<\/p>\n","protected":false},"excerpt":{"rendered":"<p>Les formulaires d\u00e9panna\u2019crous sont disponible dans le menu en haut \u00e0 droite pour Nancy et Metz Conditions g\u00e9n\u00e9rales d\u2019utilisation Article 1 \u2013 Objet Les pr\u00e9sentes conditions g\u00e9n\u00e9rales sont destin\u00e9es \u00e0 r\u00e9gir l\u2019utilisation du site web du Crous Lorraine (ci-apr\u00e8s \u00ab le site \u00bb) par tout internaute.La consultation du Site implique que l\u2019internaute a pr\u00e9alablement pris<\/p><\/div>\n<div class=\"blog-btn\"><a href=\"https:\/\/depanncrous-lorraine.fr\/\" class=\"home-blog-btn\">Lire la suite<\/a><\/p>\n","protected":false},"author":1,"featured_media":0,"parent":0,"menu_order":0,"comment_status":"closed","ping_status":"open","template":"","meta":{"footnotes":""},"class_list":["post-2","page","type-page","status-publish","hentry"],"_links":{"self":[{"href":"https:\/\/depanncrous-lorraine.fr\/index.php\/wp-json\/wp\/v2\/pages\/2","targetHints":{"allow":["GET"]}}],"collection":[{"href":"https:\/\/depanncrous-lorraine.fr\/index.php\/wp-json\/wp\/v2\/pages"}],"about":[{"href":"https:\/\/depanncrous-lorraine.fr\/index.php\/wp-json\/wp\/v2\/types\/page"}],"author":[{"embeddable":true,"href":"https:\/\/depanncrous-lorraine.fr\/index.php\/wp-json\/wp\/v2\/users\/1"}],"replies":[{"embeddable":true,"href":"https:\/\/depanncrous-lorraine.fr\/index.php\/wp-json\/wp\/v2\/comments?post=2"}],"version-history":[{"count":1,"href":"https:\/\/depanncrous-lorraine.fr\/index.php\/wp-json\/wp\/v2\/pages\/2\/revisions"}],"predecessor-version":[{"id":10,"href":"https:\/\/depanncrous-lorraine.fr\/index.php\/wp-json\/wp\/v2\/pages\/2\/revisions\/10"}],"wp:attachment":[{"href":"https:\/\/depanncrous-lorraine.fr\/index.php\/wp-json\/wp\/v2\/media?parent=2"}],"curies":[{"name":"wp","href":"https:\/\/api.w.org\/{rel}","templated":true}]}}